{"id":154,"date":"2025-10-26T19:52:47","date_gmt":"2025-10-26T18:52:47","guid":{"rendered":"https:\/\/xn--bypoytecznym-hpb45n.pl\/?page_id=154"},"modified":"2025-10-29T07:36:50","modified_gmt":"2025-10-29T06:36:50","slug":"kazdy-z-nas-moze-byc-pozyteczny","status":"publish","type":"page","link":"https:\/\/xn--bypoytecznym-hpb45n.pl\/","title":{"rendered":"Ka\u017cdy z nas mo\u017ce by\u0107 po\u017cyteczny"},"content":{"rendered":"\t\t<div data-elementor-type=\"wp-page\" data-elementor-id=\"154\" class=\"elementor elementor-154\">\n\t\t\t\t<div class=\"elementor-element elementor-element-4b59fde e-flex e-con-boxed e-con e-parent\" data-id=\"4b59fde\" data-element_type=\"container\">\n\t\t\t\t\t<div class=\"e-con-inner\">\n\t\t\t\t<div class=\"elementor-element elementor-element-39e078e elementor-widget elementor-widget-video\" data-id=\"39e078e\" data-element_type=\"widget\" data-settings=\"{&quot;video_type&quot;:&quot;hosted&quot;,&quot;autoplay&quot;:&quot;yes&quot;,&quot;play_on_mobile&quot;:&quot;yes&quot;,&quot;mute&quot;:&quot;yes&quot;,&quot;loop&quot;:&quot;yes&quot;}\" data-widget_type=\"video.default\">\n\t\t\t\t\t\t\t<div class=\"e-hosted-video elementor-wrapper elementor-open-inline\">\n\t\t\t\t\t<video class=\"elementor-video\" src=\"https:\/\/xn--bypoytecznym-hpb45n.pl\/wp-content\/uploads\/2025\/10\/logofun2.mp4\" autoplay=\"\" loop=\"\" muted=\"muted\" playsinline=\"\" controlsList=\"nodownload\"><\/video>\n\t\t\t\t<\/div>\n\t\t\t\t\t\t<\/div>\n\t\t\t\t\t<\/div>\n\t\t\t\t<\/div>\n\t\t<div class=\"elementor-element elementor-element-ffa93b5 e-flex e-con-boxed e-con e-parent\" data-id=\"ffa93b5\" data-element_type=\"container\">\n\t\t\t\t\t<div class=\"e-con-inner\">\n\t\t\t\t<div class=\"elementor-element elementor-element-1c9adbe elementor-widget elementor-widget-spacer\" data-id=\"1c9adbe\" data-element_type=\"widget\" data-widget_type=\"spacer.default\">\n\t\t\t\t\t\t\t<div class=\"elementor-spacer\">\n\t\t\t<div class=\"elementor-spacer-inner\"><\/div>\n\t\t<\/div>\n\t\t\t\t\t\t<\/div>\n\t\t\t\t\t<\/div>\n\t\t\t\t<\/div>\n\t\t<div class=\"elementor-element elementor-element-429a705 e-flex e-con-boxed e-con e-parent\" data-id=\"429a705\" data-element_type=\"container\">\n\t\t\t\t\t<div class=\"e-con-inner\">\n\t\t\t\t<div class=\"elementor-element elementor-element-0a9ea87 elementor-widget elementor-widget-heading\" data-id=\"0a9ea87\" data-element_type=\"widget\" data-widget_type=\"heading.default\">\n\t\t\t\t\t<h1 class=\"elementor-heading-title elementor-size-default\">Wspieramy rozw\u00f3j. Budujemy relacje.<\/h1>\t\t\t\t<\/div>\n\t\t\t\t\t<\/div>\n\t\t\t\t<\/div>\n\t\t<div class=\"elementor-element elementor-element-4aa0380 e-flex e-con-boxed e-con e-parent\" data-id=\"4aa0380\" data-element_type=\"container\">\n\t\t\t\t\t<div class=\"e-con-inner\">\n\t\t\t\t<div class=\"elementor-element elementor-element-3d21184 elementor-widget elementor-widget-text-editor\" data-id=\"3d21184\" data-element_type=\"widget\" data-widget_type=\"text-editor.default\">\n\t\t\t\t\t\t\t\t\t<p>Fundacja &#8222;By\u0107 Po\u017cytecznym&#8221; wspiera rozw\u00f3j osobisty, spo\u0142eczny i zawodowy. Pomagamy w rozwijaniu empatii, lepszej komunikacji i odnajdywaniu sensu \u017cycia.<\/p>\t\t\t\t\t\t\t\t<\/div>\n\t\t\t\t\t<\/div>\n\t\t\t\t<\/div>\n\t\t<div class=\"elementor-element elementor-element-7079a92 e-flex e-con-boxed e-con e-parent\" data-id=\"7079a92\" data-element_type=\"container\">\n\t\t\t\t\t<div class=\"e-con-inner\">\n\t\t\t\t<div class=\"elementor-element elementor-element-c1ca7ce elementor-widget elementor-widget-heading\" data-id=\"c1ca7ce\" data-element_type=\"widget\" data-widget_type=\"heading.default\">\n\t\t\t\t\t<h1 class=\"elementor-heading-title elementor-size-default\">Nasze Cele<\/h1>\t\t\t\t<\/div>\n\t\t\t\t<div class=\"elementor-element elementor-element-6cee820 elementor-widget elementor-widget-spacer\" data-id=\"6cee820\" data-element_type=\"widget\" data-widget_type=\"spacer.default\">\n\t\t\t\t\t\t\t<div class=\"elementor-spacer\">\n\t\t\t<div class=\"elementor-spacer-inner\"><\/div>\n\t\t<\/div>\n\t\t\t\t\t\t<\/div>\n\t\t\t\t\t<\/div>\n\t\t\t\t<\/div>\n\t\t<div class=\"elementor-element elementor-element-033b8a8 e-grid e-con-boxed e-con e-parent\" data-id=\"033b8a8\" data-element_type=\"container\">\n\t\t\t\t\t<div class=\"e-con-inner\">\n\t\t\t\t<div class=\"elementor-element elementor-element-1208cb3 elementor-widget elementor-widget-text-editor\" data-id=\"1208cb3\" data-element_type=\"widget\" data-widget_type=\"text-editor.default\">\n\t\t\t\t\t\t\t\t\t<h3>Rozw\u00f3j Osobisty i Spo\u0142eczny<\/h3><p>Wspieramy rozw\u00f3j dzieci, m\u0142odzie\u017cy i doros\u0142ych. Prowadzimy dzia\u0142alno\u015b\u0107 edukacyjn\u0105, szkoleniow\u0105 i terapeutyczn\u0105, promuj\u0105c komunikacj\u0119 opart\u0105 na empatii i dialogu.<\/p>\t\t\t\t\t\t\t\t<\/div>\n\t\t\t\t<div class=\"elementor-element elementor-element-3119bfe elementor-widget elementor-widget-text-editor\" data-id=\"3119bfe\" data-element_type=\"widget\" data-widget_type=\"text-editor.default\">\n\t\t\t\t\t\t\t\t\t<h3>Aktywno\u015b\u0107 Obywatelska<\/h3><p>Wspieramy inicjatywy spo\u0142eczne, kulturalne i ekologiczne, kt\u00f3re s\u0142u\u017c\u0105 dobru wsp\u00f3lnemu. Rozwijamy wolontariat i upowszechniamy wiedz\u0119 z zakresu psychologii, pedagogiki i filozofii.<\/p>\t\t\t\t\t\t\t\t<\/div>\n\t\t\t\t<div class=\"elementor-element elementor-element-0e15d5a elementor-widget elementor-widget-text-editor\" data-id=\"0e15d5a\" data-element_type=\"widget\" data-widget_type=\"text-editor.default\">\n\t\t\t\t\t\t\t\t\t<h3>Wsparcie Relacji<\/h3><p>Pomagamy rodzinom, szko\u0142om i instytucjom w rozwi\u0105zywaniu konflikt\u00f3w i budowaniu wsp\u00f3\u0142pracy. Przeciwdzia\u0142amy wykluczeniu spo\u0142ecznemu, przemocy i kryzysom relacyjnym.<\/p>\t\t\t\t\t\t\t\t<\/div>\n\t\t\t\t\t<\/div>\n\t\t\t\t<\/div>\n\t\t<div class=\"elementor-element elementor-element-13c4161 e-con-full e-flex e-con e-parent\" data-id=\"13c4161\" data-element_type=\"container\">\n\t\t\t\t<div class=\"elementor-element elementor-element-a4bf8e7 elementor-widget elementor-widget-spacer\" data-id=\"a4bf8e7\" data-element_type=\"widget\" data-widget_type=\"spacer.default\">\n\t\t\t\t\t\t\t<div class=\"elementor-spacer\">\n\t\t\t<div class=\"elementor-spacer-inner\"><\/div>\n\t\t<\/div>\n\t\t\t\t\t\t<\/div>\n\t\t\t\t<\/div>\n\t\t<div class=\"elementor-element elementor-element-dd79ff4 e-flex e-con-boxed e-con e-parent\" data-id=\"dd79ff4\" data-element_type=\"container\">\n\t\t\t\t\t<div class=\"e-con-inner\">\n\t\t<div class=\"elementor-element elementor-element-05a12c4 e-con-full e-flex e-con e-child\" data-id=\"05a12c4\" data-element_type=\"container\">\n\t\t\t\t<div class=\"elementor-element elementor-element-cf4c5a2 elementor-widget elementor-widget-text-editor\" data-id=\"cf4c5a2\" data-element_type=\"widget\" data-widget_type=\"text-editor.default\">\n\t\t\t\t\t\t\t\t\t<h3>Zdrowie i Wellbeing<\/h3><p>Promujemy zdrowie fizyczne, psychiczne i duchowe. Dzia\u0142amy na rzecz profilaktyki, zdrowego stylu \u017cycia, redukcji stresu i wsparcia w kryzysach psychicznych.<\/p>\t\t\t\t\t\t\t\t<\/div>\n\t\t\t\t<\/div>\n\t\t<div class=\"elementor-element elementor-element-c6b660e e-con-full e-flex e-con e-child\" data-id=\"c6b660e\" data-element_type=\"container\">\n\t\t\t\t<\/div>\n\t\t<div class=\"elementor-element elementor-element-eff0625 e-con-full e-flex e-con e-child\" data-id=\"eff0625\" data-element_type=\"container\">\n\t\t\t\t<\/div>\n\t\t\t\t\t<\/div>\n\t\t\t\t<\/div>\n\t\t<div class=\"elementor-element elementor-element-24e8b9a e-flex e-con-boxed e-con e-parent\" data-id=\"24e8b9a\" data-element_type=\"container\">\n\t\t\t\t\t<div class=\"e-con-inner\">\n\t\t\t\t<div class=\"elementor-element elementor-element-0ea6d23 elementor-widget elementor-widget-spacer\" data-id=\"0ea6d23\" data-element_type=\"widget\" data-widget_type=\"spacer.default\">\n\t\t\t\t\t\t\t<div class=\"elementor-spacer\">\n\t\t\t<div class=\"elementor-spacer-inner\"><\/div>\n\t\t<\/div>\n\t\t\t\t\t\t<\/div>\n\t\t\t\t\t<\/div>\n\t\t\t\t<\/div>\n\t\t<div class=\"elementor-element elementor-element-51ed46f e-flex e-con-boxed e-con e-parent\" data-id=\"51ed46f\" data-element_type=\"container\">\n\t\t\t\t\t<div class=\"e-con-inner\">\n\t\t\t\t<div class=\"elementor-element elementor-element-7f1cbb4 elementor-widget elementor-widget-heading\" data-id=\"7f1cbb4\" data-element_type=\"widget\" data-widget_type=\"heading.default\">\n\t\t\t\t\t<h2 class=\"elementor-heading-title elementor-size-default\">Jak dzia\u0142amy<\/h2>\t\t\t\t<\/div>\n\t\t\t\t\t<\/div>\n\t\t\t\t<\/div>\n\t\t<div class=\"elementor-element elementor-element-f5164ee e-flex e-con-boxed e-con e-parent\" data-id=\"f5164ee\" data-element_type=\"container\">\n\t\t\t\t\t<div class=\"e-con-inner\">\n\t\t\t\t<div class=\"elementor-element elementor-element-aabd06f elementor-widget elementor-widget-spacer\" data-id=\"aabd06f\" data-element_type=\"widget\" data-widget_type=\"spacer.default\">\n\t\t\t\t\t\t\t<div class=\"elementor-spacer\">\n\t\t\t<div class=\"elementor-spacer-inner\"><\/div>\n\t\t<\/div>\n\t\t\t\t\t\t<\/div>\n\t\t\t\t\t<\/div>\n\t\t\t\t<\/div>\n\t\t<div class=\"elementor-element elementor-element-061e225 e-grid e-con-boxed e-con e-parent\" data-id=\"061e225\" data-element_type=\"container\">\n\t\t\t\t\t<div class=\"e-con-inner\">\n\t\t\t\t<div class=\"elementor-element elementor-element-de80374 elementor-widget elementor-widget-text-editor\" data-id=\"de80374\" data-element_type=\"widget\" data-widget_type=\"text-editor.default\">\n\t\t\t\t\t\t\t\t\t<h3>Warsztaty i Szkolenia<\/h3><p>Organizujemy warsztaty, kursy, seminaria, konferencje, grupy wsparcia oraz superwizje.<\/p>\t\t\t\t\t\t\t\t<\/div>\n\t\t\t\t<div class=\"elementor-element elementor-element-f9997c4 elementor-widget elementor-widget-text-editor\" data-id=\"f9997c4\" data-element_type=\"widget\" data-widget_type=\"text-editor.default\">\n\t\t\t\t\t\t\t\t\t<h3>Edukacja i Wydawnictwa<\/h3><p>Tworzymy tre\u015bci edukacyjne: ksi\u0105\u017cki, e-booki, podcasty, wideo oraz prowadzimy portale i media spo\u0142eczno\u015bciowe.<\/p>\t\t\t\t\t\t\t\t<\/div>\n\t\t\t\t<div class=\"elementor-element elementor-element-bb094f3 elementor-widget elementor-widget-text-editor\" data-id=\"bb094f3\" data-element_type=\"widget\" data-widget_type=\"text-editor.default\">\n\t\t\t\t\t\t\t\t\t<h3>Poradnictwo i Mediacje<\/h3><p>Prowadzimy poradnictwo, konsultacje oraz mediacje (w tym rodzinne i r\u00f3wie\u015bnicze), wdra\u017caj\u0105c programy rozwojowe i profilaktyczne.<\/p>\t\t\t\t\t\t\t\t<\/div>\n\t\t\t\t<div class=\"elementor-element elementor-element-721b2e6 elementor-widget elementor-widget-text-editor\" data-id=\"721b2e6\" data-element_type=\"widget\" data-widget_type=\"text-editor.default\">\n\t\t\t\t\t\t\t\t\t<h3>Dzia\u0142ania Prozdrowotne<\/h3><p>Organizujemy zaj\u0119cia ruchowe, warsztaty dietetyczne, treningi uwa\u017cno\u015bci (mindfulness) i programy profilaktyki uzale\u017cnie\u0144.<\/p>\t\t\t\t\t\t\t\t<\/div>\n\t\t\t\t<div class=\"elementor-element elementor-element-a21c38d elementor-widget elementor-widget-text-editor\" data-id=\"a21c38d\" data-element_type=\"widget\" data-widget_type=\"text-editor.default\">\n\t\t\t\t\t\t\t\t\t<h3>Projekty i Badania<\/h3><p>Realizujemy projekty spo\u0142eczne, kulturalne i ekologiczne. Prowadzimy badania, diagnozy i ewaluacje.<\/p>\t\t\t\t\t\t\t\t<\/div>\n\t\t\t\t<div class=\"elementor-element elementor-element-26995fe elementor-widget elementor-widget-text-editor\" data-id=\"26995fe\" data-element_type=\"widget\" data-widget_type=\"text-editor.default\">\n\t\t\t\t\t\t\t\t\t<h3>Dzia\u0142alno\u015b\u0107 Online<\/h3><p>Prowadzimy platformy e-learningowe, webinary, aplikacje prospo\u0142eczne oraz koordynujemy wolontariat.<\/p>\t\t\t\t\t\t\t\t<\/div>\n\t\t\t\t\t<\/div>\n\t\t\t\t<\/div>\n\t\t\t\t<\/div>\n\t\t","protected":false},"excerpt":{"rendered":"<p>https:\/\/xn--bypoytecznym-hpb45n.pl\/wp-content\/uploads\/2025\/10\/logofun2.mp4 Wspieramy rozw\u00f3j. Budujemy relacje. Fundacja &#8222;By\u0107 Po\u017cytecznym&#8221; wspiera rozw\u00f3j osobisty, spo\u0142eczny i zawodowy. Pomagamy w rozwijaniu empatii, lepszej komunikacji i odnajdywaniu sensu \u017cycia. Nasze Cele Rozw\u00f3j Osobisty i Spo\u0142eczny Wspieramy rozw\u00f3j dzieci, m\u0142odzie\u017cy i doros\u0142ych. Prowadzimy dzia\u0142alno\u015b\u0107 edukacyjn\u0105, szkoleniow\u0105 i terapeutyczn\u0105, promuj\u0105c komunikacj\u0119 opart\u0105 na empatii i dialogu. Aktywno\u015b\u0107 Obywatelska Wspieramy inicjatywy spo\u0142eczne, kulturalne [&hellip;]<\/p>\n","protected":false},"author":1,"featured_media":0,"parent":0,"menu_order":0,"comment_status":"closed","ping_status":"closed","template":"","meta":{"ocean_post_layout":"","ocean_both_sidebars_style":"","ocean_both_sidebars_content_width":0,"ocean_both_sidebars_sidebars_width":0,"ocean_sidebar":"","ocean_second_sidebar":"","ocean_disable_margins":"enable","ocean_add_body_class":"","ocean_shortcode_before_top_bar":"","ocean_shortcode_after_top_bar":"","ocean_shortcode_before_header":"","ocean_shortcode_after_header":"","ocean_has_shortcode":"","ocean_shortcode_after_title":"","ocean_shortcode_before_footer_widgets":"","ocean_shortcode_after_footer_widgets":"","ocean_shortcode_before_footer_bottom":"","ocean_shortcode_after_footer_bottom":"","ocean_display_top_bar":"default","ocean_display_header":"default","ocean_header_style":"","ocean_center_header_left_menu":"","ocean_custom_header_template":"","ocean_custom_logo":0,"ocean_custom_retina_logo":0,"ocean_custom_logo_max_width":0,"ocean_custom_logo_tablet_max_width":0,"ocean_custom_logo_mobile_max_width":0,"ocean_custom_logo_max_height":0,"ocean_custom_logo_tablet_max_height":0,"ocean_custom_logo_mobile_max_height":0,"ocean_header_custom_menu":"","ocean_menu_typo_font_family":"","ocean_menu_typo_font_subset":"","ocean_menu_typo_font_size":0,"ocean_menu_typo_font_size_tablet":0,"ocean_menu_typo_font_size_mobile":0,"ocean_menu_typo_font_size_unit":"px","ocean_menu_typo_font_weight":"","ocean_menu_typo_font_weight_tablet":"","ocean_menu_typo_font_weight_mobile":"","ocean_menu_typo_transform":"","ocean_menu_typo_transform_tablet":"","ocean_menu_typo_transform_mobile":"","ocean_menu_typo_line_height":0,"ocean_menu_typo_line_height_tablet":0,"ocean_menu_typo_line_height_mobile":0,"ocean_menu_typo_line_height_unit":"","ocean_menu_typo_spacing":0,"ocean_menu_typo_spacing_tablet":0,"ocean_menu_typo_spacing_mobile":0,"ocean_menu_typo_spacing_unit":"","ocean_menu_link_color":"","ocean_menu_link_color_hover":"","ocean_menu_link_color_active":"","ocean_menu_link_background":"","ocean_menu_link_hover_background":"","ocean_menu_link_active_background":"","ocean_menu_social_links_bg":"","ocean_menu_social_hover_links_bg":"","ocean_menu_social_links_color":"","ocean_menu_social_hover_links_color":"","ocean_disable_title":"default","ocean_disable_heading":"default","ocean_post_title":"","ocean_post_subheading":"","ocean_post_title_style":"","ocean_post_title_background_color":"","ocean_post_title_background":0,"ocean_post_title_bg_image_position":"","ocean_post_title_bg_image_attachment":"","ocean_post_title_bg_image_repeat":"","ocean_post_title_bg_image_size":"","ocean_post_title_height":0,"ocean_post_title_bg_overlay":0.5,"ocean_post_title_bg_overlay_color":"","ocean_disable_breadcrumbs":"default","ocean_breadcrumbs_color":"","ocean_breadcrumbs_separator_color":"","ocean_breadcrumbs_links_color":"","ocean_breadcrumbs_links_hover_color":"","ocean_display_footer_widgets":"default","ocean_display_footer_bottom":"default","ocean_custom_footer_template":"","footnotes":""},"class_list":["post-154","page","type-page","status-publish","hentry","entry"],"_links":{"self":[{"href":"https:\/\/xn--bypoytecznym-hpb45n.pl\/index.php?rest_route=\/wp\/v2\/pages\/154","targetHints":{"allow":["GET"]}}],"collection":[{"href":"https:\/\/xn--bypoytecznym-hpb45n.pl\/index.php?rest_route=\/wp\/v2\/pages"}],"about":[{"href":"https:\/\/xn--bypoytecznym-hpb45n.pl\/index.php?rest_route=\/wp\/v2\/types\/page"}],"author":[{"embeddable":true,"href":"https:\/\/xn--bypoytecznym-hpb45n.pl\/index.php?rest_route=\/wp\/v2\/users\/1"}],"replies":[{"embeddable":true,"href":"https:\/\/xn--bypoytecznym-hpb45n.pl\/index.php?rest_route=%2Fwp%2Fv2%2Fcomments&post=154"}],"version-history":[{"count":55,"href":"https:\/\/xn--bypoytecznym-hpb45n.pl\/index.php?rest_route=\/wp\/v2\/pages\/154\/revisions"}],"predecessor-version":[{"id":216,"href":"https:\/\/xn--bypoytecznym-hpb45n.pl\/index.php?rest_route=\/wp\/v2\/pages\/154\/revisions\/216"}],"wp:attachment":[{"href":"https:\/\/xn--bypoytecznym-hpb45n.pl\/index.php?rest_route=%2Fwp%2Fv2%2Fmedia&parent=154"}],"curies":[{"name":"wp","href":"https:\/\/api.w.org\/{rel}","templated":true}]}}